{"id":2078,"date":"2025-08-30T18:45:32","date_gmt":"2025-08-30T16:45:32","guid":{"rendered":"https:\/\/grafik-bengs.com\/?page_id=2078"},"modified":"2026-01-27T18:55:18","modified_gmt":"2026-01-27T17:55:18","slug":"ihr-weg-zu-uns-nach-altenahr","status":"publish","type":"page","link":"https:\/\/altenahr-ahr.de\/en\/ihr-weg-zu-uns-nach-altenahr\/","title":{"rendered":"Der Weg zu uns nach Altenahr"},"content":{"rendered":"\n<div class=\"wp-block-uagb-container uagb-block-8434aa76 alignfull uagb-is-root-container\"><div class=\"uagb-container-inner-blocks-wrap\">\n<div class=\"wp-block-uagb-advanced-heading uagb-block-5a57938d\"><h2 class=\"uagb-heading-text\">Der Weg zu uns nach Altenahr<\/h2><\/div>\n<\/div><\/div>\n\n\n\n<div class=\"wp-block-uagb-container uagb-block-fe2d0ab4 alignfull uagb-is-root-container\"><div class=\"uagb-container-inner-blocks-wrap\">\n<p>Einbettet in die einzigartige Felslandschaft des Ahrtals ist Altenahr ein beliebtes Reiseziel f\u00fcr Naturfreunde, Wanderer und Weinliebhaber. Besonders f\u00fcr Urlauber ohne Auto oder f\u00fcr Tagesg\u00e4ste aus der Region bietet der \u00f6ffentlichen Personennahverkehr eine umweltfreundliche und bequeme Alternative. Auch Radfahrer und E-Biker finden gut ausgebaute Angebote f\u00fcr ihre Tour ins Ahrtal. Da es in unserer Region nach der Flut 2021 noch zu Bauarbeiten oder ge\u00e4nderten Verkehrsf\u00fchrungen kommen kann, empfiehlt es sich, vorab aktuelle Informationen einzuholen. Hier finden Sie eine \u00dcbersicht \u00fcber die verschiedenen M\u00f6glichkeiten, wie Sie bequem nach Altenahr gelangen k\u00f6nnen:<\/p>\n<\/div><\/div>\n\n\n\n<div class=\"wp-block-uagb-container uagb-block-266843fc alignfull uagb-is-root-container\"><div class=\"uagb-container-inner-blocks-wrap\">\n<div class=\"wp-block-uagb-container uagb-block-94634449\">\n<div class=\"wp-block-uagb-info-box uagb-block-1f2cdb9a uagb-infobox__content-wrap  uagb-infobox-icon-left-title uagb-infobox-left uagb-infobox-image-valign-top\"><div class=\"uagb-ifb-content\"><div class=\"uagb-ifb-left-title-image\"><div class=\"uagb-ifb-icon-wrap\"><svg xmlns=\"https:\/\/www.w3.org\/2000\/svg\" viewBox=\"0 0 448 512\"><path d=\"M352 0C405 0 448 42.98 448 96V352C448 399.1 412.8 439.7 366.9 446.9L412.9 492.9C419.9 499.9 414.9 512 404.1 512H365.3C356.8 512 348.6 508.6 342.6 502.6L288 448H160L105.4 502.6C99.37 508.6 91.23 512 82.75 512H43.04C33.06 512 28.06 499.9 35.12 492.9L81.14 446.9C35.18 439.7 0 399.1 0 352V96C0 42.98 42.98 0 96 0H352zM64 192C64 209.7 78.33 224 96 224H352C369.7 224 384 209.7 384 192V96C384 78.33 369.7 64 352 64H96C78.33 64 64 78.33 64 96V192zM224 384C250.5 384 272 362.5 272 336C272 309.5 250.5 288 224 288C197.5 288 176 309.5 176 336C176 362.5 197.5 384 224 384z\"><\/path><\/svg><\/div><div class=\"uagb-ifb-title-wrap\"><h3 class=\"uagb-ifb-title\">Mit dem Zug<\/h3><\/div><\/div><p class=\"uagb-ifb-desc\">Die Anreise mit der Bahn ist eine der bequemsten M\u00f6glichkeiten, um nach Altenahr zu gelangen. Allerdings hat die Flutkatastrophe weite Teile der Ahrtalbahn zerst\u00f6rt, so dass einige Verbindungen aktuell durch Schienenersatzverkehr sichergestellt werden. Die gewohnt entspannte Direktverbindung durch die Ahrtalbahn wird voraussichtlich ab Ende 2025 wieder m\u00f6glich sein. Von Bonn Hbf oder Remagen aus gelangen Sie mit Umstieg auf die Ahrtalbahn in kurzer Zeit nach Altenahr. Altenahr verf\u00fcgt \u00fcber einen eigenen Bahnhof. Die Regionalbahn RB 30 (auch als \u201eAhrtalbahn\u201c bekannt) f\u00e4hrt zwischen Bonn und Ahrbr\u00fcck und h\u00e4lt regelm\u00e4\u00dfig in Altenahr. <br><em>Bitte beachten Sie, dass es seit der Flutkatastrophe 2021 phasenweise zu Baustellen oder Ersatzverkehren kommen kann. Aktuelle Fahrpl\u00e4ne finden Sie auf <a href=\"https:\/\/www.bahn.de\/\" data-type=\"link\" data-id=\"https:\/\/www.bahn.de\/\">bahn.de<\/a> oder in der DB Navigator App.<\/em><\/p><\/div><\/div>\n\n\n\n<div class=\"wp-block-uagb-info-box uagb-block-d2176162 uagb-infobox__content-wrap  uagb-infobox-icon-left-title uagb-infobox-left uagb-infobox-image-valign-top\"><div class=\"uagb-ifb-content\"><div class=\"uagb-ifb-left-title-image\"><div class=\"uagb-ifb-icon-wrap\"><svg xmlns=\"https:\/\/www.w3.org\/2000\/svg\" viewBox=\"0 0 640 512\"><path d=\"M347.2 32C358.1 32 369.8 38.44 375.4 48.78L473.3 229.1C485.5 226.1 498.5 224 512 224C582.7 224 640 281.3 640 352C640 422.7 582.7 480 512 480C441.3 480 384 422.7 384 352C384 311.1 402.4 276.3 431.1 252.8L409.4 212.7L324.7 356.2C320.3 363.5 312.5 368 304 368H255C247.1 431.1 193.3 480 128 480C57.31 480 0 422.7 0 352C0 281.3 57.31 224 128 224C138.7 224 149.2 225.3 159.2 227.8L185.8 174.7L163.7 144H120C106.7 144 96 133.3 96 120C96 106.7 106.7 96 120 96H176C183.7 96 190.1 99.71 195.5 105.1L222.9 144H372.3L337.7 80H311.1C298.7 80 287.1 69.25 287.1 56C287.1 42.75 298.7 32 311.1 32H347.2zM440 352C440 391.8 472.2 424 512 424C551.8 424 584 391.8 584 352C584 312.2 551.8 280 512 280C508.2 280 504.5 280.3 500.8 280.9L533.1 340.6C539.4 352.2 535.1 366.8 523.4 373.1C511.8 379.4 497.2 375.1 490.9 363.4L458.6 303.7C447 316.5 440 333.4 440 352V352zM108.8 328.6L133.1 280.2C131.4 280.1 129.7 280 127.1 280C88.24 280 55.1 312.2 55.1 352C55.1 391.8 88.24 424 127.1 424C162.3 424 190.9 400.1 198.2 368H133.2C112.1 368 99.81 346.7 108.8 328.6H108.8zM290.3 320L290.4 319.9L217.5 218.7L166.8 320H290.3zM257.4 192L317 274.8L365.9 192H257.4z\"><\/path><\/svg><\/div><div class=\"uagb-ifb-title-wrap\"><h3 class=\"uagb-ifb-title\">Mit dem Fahrrad<\/h3><\/div><\/div><p class=\"uagb-ifb-desc\">F\u00fcr sportlich Aktive bietet sich eine Anreise mit dem Fahrrad an. Der Ahr-Radweg f\u00fchrt direkt durch Altenahr. Er verl\u00e4uft entlang der Ahr und ist besonders bei Radwanderern beliebt. Bitte beachten Sie das Teile des Ahr-Radwegs durch die Flut im Jahr 2021 zerst\u00f6rt wurden und sich teilweise noch im Wiederaufbau befinden. Achten Sie bitte auch auf kurzfristige Umleitungen und Tour-Empfehlungen.<br>Aktuelle Informationen zur Befahrbarkeit des Ahr-Radwegs finden Sie auf den Seiten des <a href=\"https:\/\/www.ahrtal.com\/de\/ahrradweg\" data-type=\"link\" data-id=\"https:\/\/www.ahrtal.com\/de\/ahrradweg\">Ahrtal Tourismus<\/a>.<br>Zur \u00dcberbr\u00fcckung gesperrter Fahrstrecken empfiehlt sich auch die Nutzung der <a href=\"https:\/\/radbusse.de\/\" data-type=\"link\" data-id=\"https:\/\/radbusse.de\/\">RadBusse<\/a> in Rheinland-Pfalz<br><em>Altenahr bietet M\u00f6glichkeiten, Fahrr\u00e4der abzustellen oder E-Bikes zu laden. Viele Hotels und Gastst\u00e4tten bieten dar\u00fcber hinaus auch Fahrradgaragen an, um Ihre R\u00e4der sicher \u00fcber Nacht aufbewahren zu k\u00f6nnen.<\/em><\/p><\/div><\/div>\n<\/div>\n\n\n\n<div class=\"wp-block-uagb-container uagb-block-8c5e567a\">\n<div class=\"wp-block-uagb-info-box uagb-block-ddc4658d uagb-infobox__content-wrap  uagb-infobox-icon-left-title uagb-infobox-left uagb-infobox-image-valign-top\"><div class=\"uagb-ifb-content\"><div class=\"uagb-ifb-left-title-image\"><div class=\"uagb-ifb-icon-wrap\"><svg xmlns=\"https:\/\/www.w3.org\/2000\/svg\" viewBox=\"0 0 448 512\"><path d=\"M224 0C348.8 0 448 35.2 448 80V416C448 433.7 433.7 448 416 448V480C416 497.7 401.7 512 384 512H352C334.3 512 320 497.7 320 480V448H128V480C128 497.7 113.7 512 96 512H64C46.33 512 32 497.7 32 480V448C14.33 448 0 433.7 0 416V80C0 35.2 99.19 0 224 0zM64 256C64 273.7 78.33 288 96 288H352C369.7 288 384 273.7 384 256V128C384 110.3 369.7 96 352 96H96C78.33 96 64 110.3 64 128V256zM80 400C97.67 400 112 385.7 112 368C112 350.3 97.67 336 80 336C62.33 336 48 350.3 48 368C48 385.7 62.33 400 80 400zM368 400C385.7 400 400 385.7 400 368C400 350.3 385.7 336 368 336C350.3 336 336 350.3 336 368C336 385.7 350.3 400 368 400z\"><\/path><\/svg><\/div><div class=\"uagb-ifb-title-wrap\"><h3 class=\"uagb-ifb-title\">Mit dem Bus<\/h3><\/div><\/div><p class=\"uagb-ifb-desc\">Altenahr ist auch an das regionale Busnetz angeschlossen. Buslinien verbinden den Ort u.a. mit Ahrweiler, Ahrbr\u00fcck und der Voreifel. In der Zeit von April bis Oktober werden in der Regel zus\u00e4tzliche touristische Linien angeboten. Wichtige Buslinien sind:<br><strong>Linie 844: <\/strong>Zwischen Ahrb\u00fcck und Rheinbach f\u00e4hrt der <a href=\"https:\/\/radbusse.de\/pages\/radbusse\/rheinahr\/ahr_voreifel.php\" data-type=\"link\" data-id=\"https:\/\/radbusse.de\/pages\/radbusse\/rheinahr\/ahr_voreifel.php\">RadBus Ahr-Voreifel<\/a><br><strong>Linie 801\/802: <\/strong>Verbindung \u00fcber die H\u00f6henorte rund um das Ahrtal<br><strong>Linie 823:<\/strong> Verbindung in Richtung Rheinbach und Grafschaft<br>Detaillierte Fahrpl\u00e4ne finden Sie auf den Seiten des <a href=\"https:\/\/www.vrminfo.de\/\" data-type=\"link\" data-id=\"https:\/\/www.vrminfo.de\/\">Verkehrsverbund Rhein-Mosel<\/a>.<\/p><\/div><\/div>\n\n\n\n<div class=\"wp-block-uagb-info-box uagb-block-e0fed4b5 uagb-infobox__content-wrap  uagb-infobox-icon-left-title uagb-infobox-left uagb-infobox-image-valign-top\"><div class=\"uagb-ifb-content\"><div class=\"uagb-ifb-left-title-image\"><div class=\"uagb-ifb-icon-wrap\"><svg xmlns=\"https:\/\/www.w3.org\/2000\/svg\" viewBox=\"0 0 512 512\"><path d=\"M39.61 196.8L74.8 96.29C88.27 57.78 124.6 32 165.4 32H346.6C387.4 32 423.7 57.78 437.2 96.29L472.4 196.8C495.6 206.4 512 229.3 512 256V448C512 465.7 497.7 480 480 480H448C430.3 480 416 465.7 416 448V400H96V448C96 465.7 81.67 480 64 480H32C14.33 480 0 465.7 0 448V256C0 229.3 16.36 206.4 39.61 196.8V196.8zM109.1 192H402.9L376.8 117.4C372.3 104.6 360.2 96 346.6 96H165.4C151.8 96 139.7 104.6 135.2 117.4L109.1 192zM96 256C78.33 256 64 270.3 64 288C64 305.7 78.33 320 96 320C113.7 320 128 305.7 128 288C128 270.3 113.7 256 96 256zM416 320C433.7 320 448 305.7 448 288C448 270.3 433.7 256 416 256C398.3 256 384 270.3 384 288C384 305.7 398.3 320 416 320z\"><\/path><\/svg><\/div><div class=\"uagb-ifb-title-wrap\"><h3 class=\"uagb-ifb-title\">Mit dem Auto<\/h3><\/div><\/div><p class=\"uagb-ifb-desc\">Altenahr ist gut \u00fcber das Stra\u00dfennetz und die B267 oder die B257 erreichbar. Kostenpflichtige Parkpl\u00e4tze stehen im Ortskern zur Verf\u00fcgung. Weitere Parkm\u00f6glichkeiten finden Sie auf den Zufahrtsstra\u00dfen. Beachten Sie, dass aufgrund von kurzfristigen Bauarbeiten bekannte Strecken nicht immer wie gewohnt befahren werden k\u00f6nnen und nutzen die ausgeschilderten Umleitungen.<\/p><\/div><\/div>\n\n\n\n<div class=\"wp-block-uagb-info-box uagb-block-a1acb9a3 uagb-infobox__content-wrap  uagb-infobox-icon-left-title uagb-infobox-left uagb-infobox-image-valign-top\"><div class=\"uagb-ifb-content\"><div class=\"uagb-ifb-left-title-image\"><div class=\"uagb-ifb-icon-wrap\"><svg xmlns=\"https:\/\/www.w3.org\/2000\/svg\" viewBox=\"0 0 384 512\"><path d=\"M240 96c26.5 0 48-21.5 48-48S266.5 0 240 0C213.5 0 192 21.5 192 48S213.5 96 240 96zM80.01 287.1c7.31 0 13.97-4.762 15.87-11.86L137 117c.3468-1.291 .5125-2.588 .5125-3.866c0-7.011-4.986-13.44-12.39-15.13C118.4 96.38 111.7 95.6 105.1 95.6c-36.65 0-70 23.84-79.32 59.53L.5119 253.3C.1636 254.6-.0025 255.9-.0025 257.2c0 7.003 4.961 13.42 12.36 15.11L76.01 287.5C77.35 287.8 78.69 287.1 80.01 287.1zM368 160h-15.1c-8.875 0-15.1 7.125-15.1 16V192h-34.75l-46.75-46.75C243.4 134.1 228.6 128 212.9 128C185.9 128 162.5 146.3 155.9 172.5L129 280.3C128.4 282.8 128 285.5 128 288.1c0 8.325 3.265 16.44 9.354 22.53l86.62 86.63V480c0 17.62 14.37 32 31.1 32s32-14.38 32-32v-82.75c0-17.12-6.625-33.13-18.75-45.25l-46.87-46.88c.25-.5 .5-.875 .625-1.375l19.1-79.5l22.37 22.38C271.4 252.6 279.5 256 288 256h47.1v240c0 8.875 7.125 16 15.1 16h15.1C376.9 512 384 504.9 384 496v-320C384 167.1 376.9 160 368 160zM81.01 472.3c-.672 2.63-.993 5.267-.993 7.86c0 14.29 9.749 27.29 24.24 30.89C106.9 511.8 109.5 512 112 512c14.37 0 27.37-9.75 30.1-24.25l25.25-101l-52.75-52.75L81.01 472.3z\"><\/path><\/svg><\/div><div class=\"uagb-ifb-title-wrap\"><h3 class=\"uagb-ifb-title\">Zu Fu\u00df \u2013 f\u00fcr Wanderfreunde<\/h3><\/div><\/div><p class=\"uagb-ifb-desc\">F\u00fcr ge\u00fcbte Wanderer ist Altenahr ein attraktives Etappenziel des Rotweinwanderwegs, der durch das gesamte Ahrtal f\u00fchrt.<br>Auch der Ahrsteig, ein zertifizierter Fernwanderweg, f\u00fchrt direkt durch oder nahe an Altenahr vorbei.<\/p><\/div><\/div>\n<\/div>\n<\/div><\/div>\n\n\n      \n\t\t\t<div class=\"uagb-icon-wrapper uagb-block-79c0042d      \"\n\t\t\tstyle=\"\" >\n\t\t\t\t\t\t\t\t\t<span class=\"uagb-svg-wrapper\" \n\t\t\t\t\t aria-label=\"bicycle\"\t\t\t\t\ttabindex=\"0\">\t\t\n\t\t\t\t\t\t\t\t\t\t<svg xmlns=\"https:\/\/www.w3.org\/2000\/svg\" viewBox= \"0 0 640 512\" role=\"graphics-symbol\" aria-hidden=\"false\" aria-label=\"\"><path d=\"M347.2 32C358.1 32 369.8 38.44 375.4 48.78L473.3 229.1C485.5 226.1 498.5 224 512 224C582.7 224 640 281.3 640 352C640 422.7 582.7 480 512 480C441.3 480 384 422.7 384 352C384 311.1 402.4 276.3 431.1 252.8L409.4 212.7L324.7 356.2C320.3 363.5 312.5 368 304 368H255C247.1 431.1 193.3 480 128 480C57.31 480 0 422.7 0 352C0 281.3 57.31 224 128 224C138.7 224 149.2 225.3 159.2 227.8L185.8 174.7L163.7 144H120C106.7 144 96 133.3 96 120C96 106.7 106.7 96 120 96H176C183.7 96 190.1 99.71 195.5 105.1L222.9 144H372.3L337.7 80H311.1C298.7 80 287.1 69.25 287.1 56C287.1 42.75 298.7 32 311.1 32H347.2zM440 352C440 391.8 472.2 424 512 424C551.8 424 584 391.8 584 352C584 312.2 551.8 280 512 280C508.2 280 504.5 280.3 500.8 280.9L533.1 340.6C539.4 352.2 535.1 366.8 523.4 373.1C511.8 379.4 497.2 375.1 490.9 363.4L458.6 303.7C447 316.5 440 333.4 440 352V352zM108.8 328.6L133.1 280.2C131.4 280.1 129.7 280 127.1 280C88.24 280 55.1 312.2 55.1 352C55.1 391.8 88.24 424 127.1 424C162.3 424 190.9 400.1 198.2 368H133.2C112.1 368 99.81 346.7 108.8 328.6H108.8zM290.3 320L290.4 319.9L217.5 218.7L166.8 320H290.3zM257.4 192L317 274.8L365.9 192H257.4z\"><\/path><\/svg>\n\t\t\t\t\t\t\t\t\t<\/span>\n\t\t\t\t\t\t\t<\/div>\n\t\t\t\n\n      \n\t\t\t<div class=\"uagb-icon-wrapper uagb-block-6221a3aa      \"\n\t\t\tstyle=\"\" >\n\t\t\t\t\t\t\t\t\t<span class=\"uagb-svg-wrapper\" \n\t\t\t\t\t aria-label=\"bus-simple\"\t\t\t\t\ttabindex=\"0\">\t\t\n\t\t\t\t\t\t\t\t\t\t<svg xmlns=\"https:\/\/www.w3.org\/2000\/svg\" viewBox= \"0 0 448 512\" role=\"graphics-symbol\" aria-hidden=\"false\" aria-label=\"\"><path d=\"M224 0C348.8 0 448 35.2 448 80V416C448 433.7 433.7 448 416 448V480C416 497.7 401.7 512 384 512H352C334.3 512 320 497.7 320 480V448H128V480C128 497.7 113.7 512 96 512H64C46.33 512 32 497.7 32 480V448C14.33 448 0 433.7 0 416V80C0 35.2 99.19 0 224 0zM64 256C64 273.7 78.33 288 96 288H352C369.7 288 384 273.7 384 256V128C384 110.3 369.7 96 352 96H96C78.33 96 64 110.3 64 128V256zM80 400C97.67 400 112 385.7 112 368C112 350.3 97.67 336 80 336C62.33 336 48 350.3 48 368C48 385.7 62.33 400 80 400zM368 400C385.7 400 400 385.7 400 368C400 350.3 385.7 336 368 336C350.3 336 336 350.3 336 368C336 385.7 350.3 400 368 400z\"><\/path><\/svg>\n\t\t\t\t\t\t\t\t\t<\/span>\n\t\t\t\t\t\t\t<\/div>\n\t\t\t\n\n\n<div class=\"wp-block-uagb-container uagb-block-96ae4364 alignfull uagb-is-root-container\"><div class=\"uagb-container-inner-blocks-wrap\">\n<div class=\"wp-block-uagb-info-box uagb-block-24f25d2b uagb-infobox__content-wrap  uagb-infobox-icon-above-title uagb-infobox-image-valign-top\"><div class=\"uagb-ifb-content\"><div class=\"uagb-ifb-title-wrap\"><h3 class=\"uagb-ifb-title\">Mit dem Fahrrad und dem Bus<\/h3><\/div><p class=\"uagb-ifb-desc\">Neben den klassischen Buslinien verkehren in der Zeit von April bis Oktober auch RadBusse mit Fahrradanh\u00e4ngern in und um Altenahr. Dies erm\u00f6glicht die Anreise mit den eigenen Fahrr\u00e4dern und erweitert gleichzeitig bei einem mehrt\u00e4gigen Aufenthalt in Altenahr den Ausflugsradius.<br><a href=\"https:\/\/www.radbusse.de\/pages\/radbusse\/rheinahr\/oberes-ahrtal-899.php\" data-type=\"link\" data-id=\"https:\/\/www.radbusse.de\/pages\/radbusse\/rheinahr\/oberes-ahrtal-899.php\">RadBus Oberes Ahrtal <\/a>(Linie 899) <br>Diese beliebte Linie verkehrt zwischen Blankenheim und Ahrweiler. Bitte beachten Sie die einzelnen Fahrpl\u00e4ne. Insgesamt k\u00f6nnen bis zu 20 Fahrr\u00e4der mitgenommen werden. Bitte denken Sie rechtzeitig daran, Tickets zu buchen!<br>RadBus Ahr-Voreifel (Linie 844) [Link einbinden: https:\/\/www.radbusse.de\/pages\/radbusse\/rheinahr\/ahr_voreifel.php ]<br>Diese Linie verbindet nicht nur Rheinland-Pfalz mit Nordrhein-Westfalen, sondern auch das Ahrtal mit der K\u00f6lner Bucht.<br>Insgesamt k\u00f6nnen bis zu 22 Fahrr\u00e4der mitgenommen werden. Bitte denken Sie rechtzeitig daran, Tickets zu buchen!<br>Auf den Seiten RadBusse in Rheinland-Pfalz [LINK einbinden https:\/\/radbusse.de\/ ] finden Sie interessante Touren-Tipps, Fahrpl\u00e4ne und die Ticketbuchung.<\/p><\/div><\/div>\n<\/div><\/div>\n","protected":false},"excerpt":{"rendered":"<p>Der Weg zu uns nach Altenahr Einbettet in die einzigartige Felslandschaft des Ahrtals ist Altenahr ein beliebtes Reiseziel f\u00fcr Naturfreunde, [&hellip;]<\/p>\n","protected":false},"author":1,"featured_media":0,"parent":0,"menu_order":0,"comment_status":"closed","ping_status":"closed","template":"","meta":{"_uag_custom_page_level_css":"","site-sidebar-layout":"default","site-content-layout":"","ast-site-content-layout":"default","site-content-style":"default","site-sidebar-style":"default","ast-global-header-display":"","ast-banner-title-visibility":"","ast-main-header-display":"","ast-hfb-above-header-display":"","ast-hfb-below-header-display":"","ast-hfb-mobile-header-display":"","site-post-title":"disabled","ast-breadcrumbs-content":"","ast-featured-img":"","footer-sml-layout":"","ast-disable-related-posts":"","theme-transparent-header-meta":"","adv-header-id-meta":"","stick-header-meta":"","header-above-stick-meta":"","header-main-stick-meta":"","header-below-stick-meta":"","astra-migrate-meta-layouts":"default","ast-page-background-enabled":"default","ast-page-background-meta":{"desktop":{"background-color":"var(--ast-global-color-5)","background-image":"","background-repeat":"repeat","background-position":"center center","background-size":"auto","background-attachment":"scroll","background-type":"","background-media":"","overlay-type":"","overlay-color":"","overlay-opacity":"","overlay-gradient":""},"tablet":{"background-color":"","background-image":"","background-repeat":"repeat","background-position":"center center","background-size":"auto","background-attachment":"scroll","background-type":"","background-media":"","overlay-type":"","overlay-color":"","overlay-opacity":"","overlay-gradient":""},"mobile":{"background-color":"","background-image":"","background-repeat":"repeat","background-position":"center center","background-size":"auto","background-attachment":"scroll","background-type":"","background-media":"","overlay-type":"","overlay-color":"","overlay-opacity":"","overlay-gradient":""}},"ast-content-background-meta":{"desktop":{"background-color":"var(--ast-global-color-4)","background-image":"","background-repeat":"repeat","background-position":"center center","background-size":"auto","background-attachment":"scroll","background-type":"","background-media":"","overlay-type":"","overlay-color":"","overlay-opacity":"","overlay-gradient":""},"tablet":{"background-color":"var(--ast-global-color-4)","background-image":"","background-repeat":"repeat","background-position":"center center","background-size":"auto","background-attachment":"scroll","background-type":"","background-media":"","overlay-type":"","overlay-color":"","overlay-opacity":"","overlay-gradient":""},"mobile":{"background-color":"var(--ast-global-color-4)","background-image":"","background-repeat":"repeat","background-position":"center center","background-size":"auto","background-attachment":"scroll","background-type":"","background-media":"","overlay-type":"","overlay-color":"","overlay-opacity":"","overlay-gradient":""}},"footnotes":""},"class_list":["post-2078","page","type-page","status-publish","hentry"],"spectra_custom_meta":{"_edit_lock":["1769536546:1"],"_edac_summary":["a:8:{s:12:\"passed_tests\";i:81;s:6:\"errors\";i:5;s:8:\"warnings\";i:5;s:7:\"ignored\";i:0;s:15:\"contrast_errors\";i:0;s:13:\"content_grade\";i:11;s:11:\"readability\";s:3:\"11.\";s:18:\"simplified_summary\";b:0;}"],"_edac_summary_passed_tests":["81"],"_edac_summary_errors":["5"],"_edac_summary_warnings":["5","5"],"_edac_summary_ignored":["0"],"_edac_summary_contrast_errors":["0","0"],"_edac_density_data":["a:2:{i:0;i:917;i:1;i:7087;}"],"_edac_issue_density":["0.9"],"_edac_post_checked_js":["1769536519"],"_edit_last":["1"],"footnotes":[""],"wp_statistics_words_count":["610"],"_uag_custom_page_level_css":[""],"site-sidebar-layout":["default"],"site-content-layout":[""],"ast-site-content-layout":["default"],"site-content-style":["default"],"site-sidebar-style":["default"],"ast-global-header-display":[""],"ast-banner-title-visibility":[""],"ast-main-header-display":[""],"ast-hfb-above-header-display":[""],"ast-hfb-below-header-display":[""],"ast-hfb-mobile-header-display":[""],"site-post-title":["disabled"],"ast-breadcrumbs-content":[""],"ast-featured-img":[""],"footer-sml-layout":[""],"ast-disable-related-posts":[""],"theme-transparent-header-meta":[""],"adv-header-id-meta":[""],"stick-header-meta":[""],"header-above-stick-meta":[""],"header-main-stick-meta":[""],"header-below-stick-meta":[""],"astra-migrate-meta-layouts":["default"],"ast-page-background-enabled":["default"],"ast-page-background-meta":["a:3:{s:7:\"desktop\";a:12:{s:16:\"background-color\";s:25:\"var(--ast-global-color-5)\";s:16:\"background-image\";s:0:\"\";s:17:\"background-repeat\";s:6:\"repeat\";s:19:\"background-position\";s:13:\"center center\";s:15:\"background-size\";s:4:\"auto\";s:21:\"background-attachment\";s:6:\"scroll\";s:15:\"background-type\";s:0:\"\";s:16:\"background-media\";s:0:\"\";s:12:\"overlay-type\";s:0:\"\";s:13:\"overlay-color\";s:0:\"\";s:15:\"overlay-opacity\";s:0:\"\";s:16:\"overlay-gradient\";s:0:\"\";}s:6:\"tablet\";a:12:{s:16:\"background-color\";s:0:\"\";s:16:\"background-image\";s:0:\"\";s:17:\"background-repeat\";s:6:\"repeat\";s:19:\"background-position\";s:13:\"center center\";s:15:\"background-size\";s:4:\"auto\";s:21:\"background-attachment\";s:6:\"scroll\";s:15:\"background-type\";s:0:\"\";s:16:\"background-media\";s:0:\"\";s:12:\"overlay-type\";s:0:\"\";s:13:\"overlay-color\";s:0:\"\";s:15:\"overlay-opacity\";s:0:\"\";s:16:\"overlay-gradient\";s:0:\"\";}s:6:\"mobile\";a:12:{s:16:\"background-color\";s:0:\"\";s:16:\"background-image\";s:0:\"\";s:17:\"background-repeat\";s:6:\"repeat\";s:19:\"background-position\";s:13:\"center center\";s:15:\"background-size\";s:4:\"auto\";s:21:\"background-attachment\";s:6:\"scroll\";s:15:\"background-type\";s:0:\"\";s:16:\"background-media\";s:0:\"\";s:12:\"overlay-type\";s:0:\"\";s:13:\"overlay-color\";s:0:\"\";s:15:\"overlay-opacity\";s:0:\"\";s:16:\"overlay-gradient\";s:0:\"\";}}"],"ast-content-background-meta":["a:3:{s:7:\"desktop\";a:12:{s:16:\"background-color\";s:25:\"var(--ast-global-color-4)\";s:16:\"background-image\";s:0:\"\";s:17:\"background-repeat\";s:6:\"repeat\";s:19:\"background-position\";s:13:\"center center\";s:15:\"background-size\";s:4:\"auto\";s:21:\"background-attachment\";s:6:\"scroll\";s:15:\"background-type\";s:0:\"\";s:16:\"background-media\";s:0:\"\";s:12:\"overlay-type\";s:0:\"\";s:13:\"overlay-color\";s:0:\"\";s:15:\"overlay-opacity\";s:0:\"\";s:16:\"overlay-gradient\";s:0:\"\";}s:6:\"tablet\";a:12:{s:16:\"background-color\";s:25:\"var(--ast-global-color-4)\";s:16:\"background-image\";s:0:\"\";s:17:\"background-repeat\";s:6:\"repeat\";s:19:\"background-position\";s:13:\"center center\";s:15:\"background-size\";s:4:\"auto\";s:21:\"background-attachment\";s:6:\"scroll\";s:15:\"background-type\";s:0:\"\";s:16:\"background-media\";s:0:\"\";s:12:\"overlay-type\";s:0:\"\";s:13:\"overlay-color\";s:0:\"\";s:15:\"overlay-opacity\";s:0:\"\";s:16:\"overlay-gradient\";s:0:\"\";}s:6:\"mobile\";a:12:{s:16:\"background-color\";s:25:\"var(--ast-global-color-4)\";s:16:\"background-image\";s:0:\"\";s:17:\"background-repeat\";s:6:\"repeat\";s:19:\"background-position\";s:13:\"center center\";s:15:\"background-size\";s:4:\"auto\";s:21:\"background-attachment\";s:6:\"scroll\";s:15:\"background-type\";s:0:\"\";s:16:\"background-media\";s:0:\"\";s:12:\"overlay-type\";s:0:\"\";s:13:\"overlay-color\";s:0:\"\";s:15:\"overlay-opacity\";s:0:\"\";s:16:\"overlay-gradient\";s:0:\"\";}}"],"isc_post_images":["a:0:{}"],"_uag_css_file_name":["uag-css-2078.css"],"_uag_js_file_name":["uag-js-2078.js"]},"uagb_featured_image_src":{"full":false,"thumbnail":false,"medium":false,"medium_large":false,"large":false,"1536x1536":false,"2048x2048":false,"trp-custom-language-flag":false},"uagb_author_info":{"display_name":"admin","author_link":"https:\/\/altenahr-ahr.de\/en\/author\/admin\/"},"uagb_comment_info":0,"uagb_excerpt":"Der Weg zu uns nach Altenahr Einbettet in die einzigartige Felslandschaft des Ahrtals ist Altenahr ein beliebtes Reiseziel f\u00fcr Naturfreunde, [&hellip;]","_links":{"self":[{"href":"https:\/\/altenahr-ahr.de\/en\/wp-json\/wp\/v2\/pages\/2078","targetHints":{"allow":["GET"]}}],"collection":[{"href":"https:\/\/altenahr-ahr.de\/en\/wp-json\/wp\/v2\/pages"}],"about":[{"href":"https:\/\/altenahr-ahr.de\/en\/wp-json\/wp\/v2\/types\/page"}],"author":[{"embeddable":true,"href":"https:\/\/altenahr-ahr.de\/en\/wp-json\/wp\/v2\/users\/1"}],"replies":[{"embeddable":true,"href":"https:\/\/altenahr-ahr.de\/en\/wp-json\/wp\/v2\/comments?post=2078"}],"version-history":[{"count":12,"href":"https:\/\/altenahr-ahr.de\/en\/wp-json\/wp\/v2\/pages\/2078\/revisions"}],"predecessor-version":[{"id":2579,"href":"https:\/\/altenahr-ahr.de\/en\/wp-json\/wp\/v2\/pages\/2078\/revisions\/2579"}],"wp:attachment":[{"href":"https:\/\/altenahr-ahr.de\/en\/wp-json\/wp\/v2\/media?parent=2078"}],"curies":[{"name":"wp","href":"https:\/\/api.w.org\/{rel}","templated":true}]}}